{"id":654,"date":"2023-10-16T14:25:37","date_gmt":"2023-10-16T14:25:37","guid":{"rendered":"https:\/\/wondermac.pt\/pt\/product\/gama-inicial\/"},"modified":"2023-10-16T14:25:53","modified_gmt":"2023-10-16T14:25:53","slug":"gama-inicial","status":"publish","type":"product","link":"https:\/\/wondermac.pt\/pt\/product\/gama-inicial\/","title":{"rendered":"Gama Inicial"},"content":{"rendered":"<p>M\u00e1quinas de soldadura de alta frequ\u00eancia monousu\u00e1rio<\/p>\n<p>Para atender \u00e0s suas necessidades, a Matrelec oferece uma gama de m\u00e1quinas de soldadura de alta frequ\u00eancia adaptadas \u00e0 produ\u00e7\u00e3o em pequenas s\u00e9ries: monousu\u00e1rio, com pedal e diferentes profundidades de pesco\u00e7o de cisne, troca r\u00e1pida de ferramentas&#8230; Estas prensas permitir\u00e3o o posicionamento preciso do material e opera\u00e7\u00f5es manuais simples e funcionais.<\/p>\n<p>A gama HF Initial est\u00e1 perfeitamente adaptada aos trabalhos de soldadura, marca\u00e7\u00e3o e corte em chapas de PVC, PU, \u200b\u200b\u200b\u200bEVA, tecidos revestidos de PVC ou PU e todos os materiais que apresentem perdas diel\u00e9tricas.<\/p>\n","protected":false},"excerpt":{"rendered":"<p>M\u00e1quinas de soldadura de alta frequ\u00eancia monousu\u00e1rio Para atender \u00e0s suas necessidades, a Matrelec oferece uma gama de m\u00e1quinas de soldadura de alta frequ\u00eancia adaptadas \u00e0 produ\u00e7\u00e3o em pequenas s\u00e9ries: monousu\u00e1rio, com pedal e diferentes profundidades de pesco\u00e7o de cisne, troca r\u00e1pida de ferramentas&#8230; Estas prensas permitir\u00e3o o posicionamento preciso do material e opera\u00e7\u00f5es manuais [&hellip;]<\/p>\n","protected":false},"featured_media":655,"comment_status":"closed","ping_status":"open","template":"","meta":{"_acf_changed":false},"product_brand":[],"product_cat":[51],"product_tag":[40],"class_list":{"0":"post-654","1":"product","2":"type-product","3":"status-publish","4":"has-post-thumbnail","6":"product_cat-soldadura-por-alta-frequencia","7":"product_tag-matrelec","9":"first","10":"instock","11":"product-type-simple"},"acf":[],"_links":{"self":[{"href":"https:\/\/wondermac.pt\/pt\/wp-json\/wp\/v2\/product\/654","targetHints":{"allow":["GET"]}}],"collection":[{"href":"https:\/\/wondermac.pt\/pt\/wp-json\/wp\/v2\/product"}],"about":[{"href":"https:\/\/wondermac.pt\/pt\/wp-json\/wp\/v2\/types\/product"}],"replies":[{"embeddable":true,"href":"https:\/\/wondermac.pt\/pt\/wp-json\/wp\/v2\/comments?post=654"}],"wp:featuredmedia":[{"embeddable":true,"href":"https:\/\/wondermac.pt\/pt\/wp-json\/wp\/v2\/media\/655"}],"wp:attachment":[{"href":"https:\/\/wondermac.pt\/pt\/wp-json\/wp\/v2\/media?parent=654"}],"wp:term":[{"taxonomy":"product_brand","embeddable":true,"href":"https:\/\/wondermac.pt\/pt\/wp-json\/wp\/v2\/product_brand?post=654"},{"taxonomy":"product_cat","embeddable":true,"href":"https:\/\/wondermac.pt\/pt\/wp-json\/wp\/v2\/product_cat?post=654"},{"taxonomy":"product_tag","embeddable":true,"href":"https:\/\/wondermac.pt\/pt\/wp-json\/wp\/v2\/product_tag?post=654"}],"curies":[{"name":"wp","href":"https:\/\/api.w.org\/{rel}","templated":true}]}}